{"id":7,"date":"2024-01-15T15:06:55","date_gmt":"2024-01-15T15:06:55","guid":{"rendered":"https:\/\/smartgold.pl\/?page_id=7"},"modified":"2025-04-23T08:11:11","modified_gmt":"2025-04-23T08:11:11","slug":"strona-glowna","status":"publish","type":"page","link":"https:\/\/smartgold.pl\/","title":{"rendered":"Strona g\u0142\u00f3wna"},"content":{"rendered":"\t\t<div data-elementor-type=\"wp-page\" data-elementor-id=\"7\" class=\"elementor elementor-7\">\n\t\t\t\t<div class=\"elementor-element elementor-element-379a46f e-flex e-con-boxed e-con e-parent\" data-id=\"379a46f\" data-element_type=\"container\">\n\t\t\t\t\t<div class=\"e-con-inner\">\n\t\t\t\t<div class=\"elementor-element elementor-element-17b3b70 animated-fast elementor-invisible elementor-widget elementor-widget-image\" data-id=\"17b3b70\" data-element_type=\"widget\" data-settings=\"{&quot;_animation&quot;:&quot;fadeInDown&quot;}\" data-widget_type=\"image.default\">\n\t\t\t\t<div class=\"elementor-widget-container\">\n\t\t\t\t\t\t\t\t\t\t\t\t\t\t\t\t<a href=\"https:\/\/smartgold.pl\">\n\t\t\t\t\t\t\t<img decoding=\"async\" src=\"https:\/\/smartgold.pl\/wp-content\/uploads\/elementor\/thumbs\/smartgold-logo01-e1745391238742-r4rr85ucn91a58fxpmfiuqdkr9so3j2t5a30xruoxg.png\" title=\"smartgold-logo01\" alt=\"smartgold-logo01\" loading=\"lazy\" \/>\t\t\t\t\t\t\t\t<\/a>\n\t\t\t\t\t\t\t\t\t\t\t\t\t\t\t<\/div>\n\t\t\t\t<\/div>\n\t\t\t\t\t<\/div>\n\t\t\t\t<\/div>\n\t\t<div class=\"elementor-element elementor-element-47d088a animated-fast e-flex e-con-boxed elementor-invisible e-con e-parent\" data-id=\"47d088a\" data-element_type=\"container\" data-settings=\"{&quot;background_background&quot;:&quot;classic&quot;,&quot;animation&quot;:&quot;fadeInLeft&quot;}\">\n\t\t\t\t\t<div class=\"e-con-inner\">\n\t\t\t\t<div class=\"elementor-element elementor-element-d96b463 elementor-widget elementor-widget-spacer\" data-id=\"d96b463\" data-element_type=\"widget\" data-widget_type=\"spacer.default\">\n\t\t\t\t<div class=\"elementor-widget-container\">\n\t\t\t\t\t\t\t<div class=\"elementor-spacer\">\n\t\t\t<div class=\"elementor-spacer-inner\"><\/div>\n\t\t<\/div>\n\t\t\t\t\t\t<\/div>\n\t\t\t\t<\/div>\n\t\t\t\t<div class=\"elementor-element elementor-element-472d37c elementor-widget elementor-widget-heading\" data-id=\"472d37c\" data-element_type=\"widget\" data-widget_type=\"heading.default\">\n\t\t\t\t<div class=\"elementor-widget-container\">\n\t\t\t\t\t<h1 class=\"elementor-heading-title elementor-size-default\">Najwi\u0119kszy wyb\u00f3r z\u0142otej bi\u017cuterii i obr\u0105czek w Nysie<\/h1>\t\t\t\t<\/div>\n\t\t\t\t<\/div>\n\t\t\t\t<div class=\"elementor-element elementor-element-55e7998 elementor-widget elementor-widget-heading\" data-id=\"55e7998\" data-element_type=\"widget\" data-widget_type=\"heading.default\">\n\t\t\t\t<div class=\"elementor-widget-container\">\n\t\t\t\t\t<h1 class=\"elementor-heading-title elementor-size-default\">Skup z\u0142ota i naprawa bi\u017cuterii, jubiler i z\u0142otnik<\/h1>\t\t\t\t<\/div>\n\t\t\t\t<\/div>\n\t\t\t\t<div class=\"elementor-element elementor-element-9c6d3fc elementor-widget elementor-widget-text-editor\" data-id=\"9c6d3fc\" data-element_type=\"widget\" data-widget_type=\"text-editor.default\">\n\t\t\t\t<div class=\"elementor-widget-container\">\n\t\t\t\t\t\t\t\t\t<p>ul. Piastowska 24, NYSA<\/p>\t\t\t\t\t\t\t\t<\/div>\n\t\t\t\t<\/div>\n\t\t\t\t<div class=\"elementor-element elementor-element-70098fc elementor-widget elementor-widget-spacer\" data-id=\"70098fc\" data-element_type=\"widget\" data-widget_type=\"spacer.default\">\n\t\t\t\t<div class=\"elementor-widget-container\">\n\t\t\t\t\t\t\t<div class=\"elementor-spacer\">\n\t\t\t<div class=\"elementor-spacer-inner\"><\/div>\n\t\t<\/div>\n\t\t\t\t\t\t<\/div>\n\t\t\t\t<\/div>\n\t\t\t\t\t<\/div>\n\t\t\t\t<\/div>\n\t\t<div class=\"elementor-element elementor-element-8e307a8 animated-fast e-flex e-con-boxed elementor-invisible e-con e-parent\" data-id=\"8e307a8\" data-element_type=\"container\" data-settings=\"{&quot;animation&quot;:&quot;fadeInUp&quot;,&quot;animation_delay&quot;:250}\">\n\t\t\t\t\t<div class=\"e-con-inner\">\n\t\t<div class=\"elementor-element elementor-element-cc31424 e-flex e-con-boxed e-con e-child\" data-id=\"cc31424\" data-element_type=\"container\">\n\t\t\t\t\t<div class=\"e-con-inner\">\n\t\t\t\t<div class=\"elementor-element elementor-element-ca05583 elementor-widget elementor-widget-image\" data-id=\"ca05583\" data-element_type=\"widget\" data-widget_type=\"image.default\">\n\t\t\t\t<div class=\"elementor-widget-container\">\n\t\t\t\t\t\t\t\t\t\t\t\t\t\t\t<img fetchpriority=\"high\" decoding=\"async\" width=\"768\" height=\"768\" src=\"https:\/\/smartgold.pl\/wp-content\/uploads\/2024\/01\/zloto01-768x768.jpg\" class=\"attachment-medium_large size-medium_large wp-image-31\" alt=\"\" srcset=\"https:\/\/smartgold.pl\/wp-content\/uploads\/2024\/01\/zloto01-768x768.jpg 768w, https:\/\/smartgold.pl\/wp-content\/uploads\/2024\/01\/zloto01-300x300.jpg 300w, https:\/\/smartgold.pl\/wp-content\/uploads\/2024\/01\/zloto01-150x150.jpg 150w, https:\/\/smartgold.pl\/wp-content\/uploads\/2024\/01\/zloto01.jpg 1024w\" sizes=\"(max-width: 768px) 100vw, 768px\" \/>\t\t\t\t\t\t\t\t\t\t\t\t\t\t\t<\/div>\n\t\t\t\t<\/div>\n\t\t\t\t<div class=\"elementor-element elementor-element-9cbf9f2 elementor-widget elementor-widget-heading\" data-id=\"9cbf9f2\" data-element_type=\"widget\" data-widget_type=\"heading.default\">\n\t\t\t\t<div class=\"elementor-widget-container\">\n\t\t\t\t\t<h2 class=\"elementor-heading-title elementor-size-default\">Z\u0142ota bi\u017cuteria<\/h2>\t\t\t\t<\/div>\n\t\t\t\t<\/div>\n\t\t\t\t<div class=\"elementor-element elementor-element-9003bd6 elementor-widget elementor-widget-text-editor\" data-id=\"9003bd6\" data-element_type=\"widget\" data-widget_type=\"text-editor.default\">\n\t\t\t\t<div class=\"elementor-widget-container\">\n\t\t\t\t\t\t\t\t\t<p>Najlepsze okazje &#8211; obr\u0105czki, pier\u015bcionki, naszyjniki, bransolety, broszki i inne.<\/p>\t\t\t\t\t\t\t\t<\/div>\n\t\t\t\t<\/div>\n\t\t\t\t\t<\/div>\n\t\t\t\t<\/div>\n\t\t<div class=\"elementor-element elementor-element-5f3d3bd e-flex e-con-boxed e-con e-child\" data-id=\"5f3d3bd\" data-element_type=\"container\">\n\t\t\t\t\t<div class=\"e-con-inner\">\n\t\t\t\t<div class=\"elementor-element elementor-element-db35d84 elementor-widget elementor-widget-image\" data-id=\"db35d84\" data-element_type=\"widget\" data-widget_type=\"image.default\">\n\t\t\t\t<div class=\"elementor-widget-container\">\n\t\t\t\t\t\t\t\t\t\t\t\t\t\t\t<img decoding=\"async\" width=\"768\" height=\"768\" src=\"https:\/\/smartgold.pl\/wp-content\/uploads\/2024\/01\/zloto02-768x768.jpg\" class=\"attachment-medium_large size-medium_large wp-image-32\" alt=\"\" srcset=\"https:\/\/smartgold.pl\/wp-content\/uploads\/2024\/01\/zloto02-768x768.jpg 768w, https:\/\/smartgold.pl\/wp-content\/uploads\/2024\/01\/zloto02-300x300.jpg 300w, https:\/\/smartgold.pl\/wp-content\/uploads\/2024\/01\/zloto02-150x150.jpg 150w, https:\/\/smartgold.pl\/wp-content\/uploads\/2024\/01\/zloto02.jpg 1024w\" sizes=\"(max-width: 768px) 100vw, 768px\" \/>\t\t\t\t\t\t\t\t\t\t\t\t\t\t\t<\/div>\n\t\t\t\t<\/div>\n\t\t\t\t<div class=\"elementor-element elementor-element-cd5438a elementor-widget elementor-widget-heading\" data-id=\"cd5438a\" data-element_type=\"widget\" data-widget_type=\"heading.default\">\n\t\t\t\t<div class=\"elementor-widget-container\">\n\t\t\t\t\t<h2 class=\"elementor-heading-title elementor-size-default\">Skup i sprzeda\u017c z\u0142ota<\/h2>\t\t\t\t<\/div>\n\t\t\t\t<\/div>\n\t\t\t\t<div class=\"elementor-element elementor-element-3d5e984 elementor-widget elementor-widget-text-editor\" data-id=\"3d5e984\" data-element_type=\"widget\" data-widget_type=\"text-editor.default\">\n\t\t\t\t<div class=\"elementor-widget-container\">\n\t\t\t\t\t\t\t\t\t<p>W najlepszych cenach w Nysie!<\/p>\t\t\t\t\t\t\t\t<\/div>\n\t\t\t\t<\/div>\n\t\t\t\t\t<\/div>\n\t\t\t\t<\/div>\n\t\t<div class=\"elementor-element elementor-element-8ad15f0 e-con-full e-flex e-con e-child\" data-id=\"8ad15f0\" data-element_type=\"container\">\n\t\t\t\t<div class=\"elementor-element elementor-element-55666f0 elementor-widget elementor-widget-image\" data-id=\"55666f0\" data-element_type=\"widget\" data-widget_type=\"image.default\">\n\t\t\t\t<div class=\"elementor-widget-container\">\n\t\t\t\t\t\t\t\t\t\t\t\t\t\t\t<img decoding=\"async\" width=\"563\" height=\"563\" src=\"https:\/\/smartgold.pl\/wp-content\/uploads\/2025\/04\/001.jpg\" class=\"attachment-medium_large size-medium_large wp-image-80\" alt=\"\" srcset=\"https:\/\/smartgold.pl\/wp-content\/uploads\/2025\/04\/001.jpg 563w, https:\/\/smartgold.pl\/wp-content\/uploads\/2025\/04\/001-300x300.jpg 300w, https:\/\/smartgold.pl\/wp-content\/uploads\/2025\/04\/001-150x150.jpg 150w\" sizes=\"(max-width: 563px) 100vw, 563px\" \/>\t\t\t\t\t\t\t\t\t\t\t\t\t\t\t<\/div>\n\t\t\t\t<\/div>\n\t\t\t\t<div class=\"elementor-element elementor-element-a4aeb8f elementor-widget elementor-widget-heading\" data-id=\"a4aeb8f\" data-element_type=\"widget\" data-widget_type=\"heading.default\">\n\t\t\t\t<div class=\"elementor-widget-container\">\n\t\t\t\t\t<h2 class=\"elementor-heading-title elementor-size-default\">Naprawa bi\u017cuterii<\/h2>\t\t\t\t<\/div>\n\t\t\t\t<\/div>\n\t\t\t\t<div class=\"elementor-element elementor-element-b4bdde8 elementor-widget elementor-widget-text-editor\" data-id=\"b4bdde8\" data-element_type=\"widget\" data-widget_type=\"text-editor.default\">\n\t\t\t\t<div class=\"elementor-widget-container\">\n\t\t\t\t\t\t\t\t\t<p>Lutowanie z\u0142ota i srebra, czyszczenie i polerowanie bi\u017cuterii, powi\u0119kszanie \/ zmniejszanie pier\u015bcionk\u00f3w, wstawianie oczek, dorabianie \u0142apek, wymiana zapi\u0119\u0107 w \u0142a\u0144cuszkach i bransoletkach.<\/p>\t\t\t\t\t\t\t\t<\/div>\n\t\t\t\t<\/div>\n\t\t\t\t<\/div>\n\t\t\t\t\t<\/div>\n\t\t\t\t<\/div>\n\t\t<div class=\"elementor-element elementor-element-b130dc5 e-flex e-con-boxed e-con e-parent\" data-id=\"b130dc5\" data-element_type=\"container\">\n\t\t\t\t\t<div class=\"e-con-inner\">\n\t\t\t\t<div class=\"elementor-element elementor-element-85c7972 animated-fast elementor-widget-divider--separator-type-pattern elementor-widget-divider--no-spacing elementor-widget-divider--view-line elementor-invisible elementor-widget elementor-widget-divider\" data-id=\"85c7972\" data-element_type=\"widget\" data-settings=\"{&quot;_animation&quot;:&quot;zoomIn&quot;}\" data-widget_type=\"divider.default\">\n\t\t\t\t<div class=\"elementor-widget-container\">\n\t\t\t\t\t\t\t<div class=\"elementor-divider\" style=\"--divider-pattern-url: url(&quot;data:image\/svg+xml,%3Csvg xmlns=&#039;http:\/\/www.w3.org\/2000\/svg&#039; preserveAspectRatio=&#039;xMidYMid meet&#039; overflow=&#039;visible&#039; height=&#039;100%&#039; viewBox=&#039;0 0 126 26&#039; fill=&#039;black&#039; stroke=&#039;none&#039;%3E%3Cpath d=&#039;M3,10.2c2.6,0,2.6,2,2.6,3.2S4.4,16.5,3,16.5s-3-1.4-3-3.2S0.4,10.2,3,10.2z M18.8,10.2c1.7,0,3.2,1.4,3.2,3.2s-1.4,3.2-3.2,3.2c-1.7,0-3.2-1.4-3.2-3.2S17,10.2,18.8,10.2z M34.6,10.2c1.5,0,2.6,1.4,2.6,3.2s-0.5,3.2-1.9,3.2c-1.5,0-3.4-1.4-3.4-3.2S33.1,10.2,34.6,10.2z M50.5,10.2c1.7,0,3.2,1.4,3.2,3.2s-1.4,3.2-3.2,3.2c-1.7,0-3.3-0.9-3.3-2.6S48.7,10.2,50.5,10.2z M66.2,10.2c1.5,0,3.4,1.4,3.4,3.2s-1.9,3.2-3.4,3.2c-1.5,0-2.6-0.4-2.6-2.1S64.8,10.2,66.2,10.2z M82.2,10.2c1.7,0.8,2.6,1.4,2.6,3.2s-0.1,3.2-1.6,3.2c-1.5,0-3.7-1.4-3.7-3.2S80.5,9.4,82.2,10.2zM98.6,10.2c1.5,0,2.6,0.4,2.6,2.1s-1.2,4.2-2.6,4.2c-1.5,0-3.7-0.4-3.7-2.1S97.1,10.2,98.6,10.2z M113.4,10.2c1.2,0,2.2,0.9,2.2,3.2s-0.1,3.2-1.3,3.2s-3.1-1.4-3.1-3.2S112.2,10.2,113.4,10.2z&#039;\/%3E%3C\/svg%3E&quot;);\">\n\t\t\t<span class=\"elementor-divider-separator\">\n\t\t\t\t\t\t<\/span>\n\t\t<\/div>\n\t\t\t\t\t\t<\/div>\n\t\t\t\t<\/div>\n\t\t\t\t\t<\/div>\n\t\t\t\t<\/div>\n\t\t<div class=\"elementor-element elementor-element-4acdb77 animated-fast e-flex e-con-boxed elementor-invisible e-con e-parent\" data-id=\"4acdb77\" data-element_type=\"container\" data-settings=\"{&quot;animation&quot;:&quot;fadeIn&quot;}\">\n\t\t\t\t\t<div class=\"e-con-inner\">\n\t\t<div class=\"elementor-element elementor-element-339a847 e-con-full e-flex e-con e-child\" data-id=\"339a847\" data-element_type=\"container\">\n\t\t\t\t<div class=\"elementor-element elementor-element-088f464 elementor-widget elementor-widget-heading\" data-id=\"088f464\" data-element_type=\"widget\" data-widget_type=\"heading.default\">\n\t\t\t\t<div class=\"elementor-widget-container\">\n\t\t\t\t\t<h2 class=\"elementor-heading-title elementor-size-default\">Ty te\u017c Odwied\u017a nas ju\u017c dzi\u015b<\/h2>\t\t\t\t<\/div>\n\t\t\t\t<\/div>\n\t\t\t\t<div class=\"elementor-element elementor-element-1fd1457 elementor-widget elementor-widget-text-editor\" data-id=\"1fd1457\" data-element_type=\"widget\" data-widget_type=\"text-editor.default\">\n\t\t\t\t<div class=\"elementor-widget-container\">\n\t\t\t\t\t\t\t\t\t<p>Piastowska 24,<br \/>48-300 Nysa<\/p><p><strong>Godziny otwarcia:<\/strong><\/p><p>pon-pt 9:00 &#8211; 17:00<br \/>sobota 9:00 &#8211; 14:00<br \/>niedziela &#8211; zamkni\u0119te<\/p>\t\t\t\t\t\t\t\t<\/div>\n\t\t\t\t<\/div>\n\t\t\t\t<div class=\"elementor-element elementor-element-dd25c8d elementor-widget elementor-widget-text-editor\" data-id=\"dd25c8d\" data-element_type=\"widget\" data-widget_type=\"text-editor.default\">\n\t\t\t\t<div class=\"elementor-widget-container\">\n\t\t\t\t\t\t\t\t\t<p><b>tel. 77 448 43 34<\/b><\/p>\t\t\t\t\t\t\t\t<\/div>\n\t\t\t\t<\/div>\n\t\t\t\t<div class=\"elementor-element elementor-element-51410ba elementor-mobile-align-center elementor-hidden-desktop elementor-widget elementor-widget-button\" data-id=\"51410ba\" data-element_type=\"widget\" data-widget_type=\"button.default\">\n\t\t\t\t<div class=\"elementor-widget-container\">\n\t\t\t\t\t\t\t\t\t<div class=\"elementor-button-wrapper\">\n\t\t\t\t\t<a class=\"elementor-button elementor-button-link elementor-size-md\" href=\"tel:+774484334\">\n\t\t\t\t\t\t<span class=\"elementor-button-content-wrapper\">\n\t\t\t\t\t\t\t\t\t<span class=\"elementor-button-text\">ZADZWO\u0143<\/span>\n\t\t\t\t\t<\/span>\n\t\t\t\t\t<\/a>\n\t\t\t\t<\/div>\n\t\t\t\t\t\t\t\t<\/div>\n\t\t\t\t<\/div>\n\t\t\t\t<\/div>\n\t\t<div class=\"elementor-element elementor-element-7608301 e-con-full e-flex e-con e-child\" data-id=\"7608301\" data-element_type=\"container\">\n\t\t\t\t<div class=\"elementor-element elementor-element-c7a3ec1 elementor-widget elementor-widget-google_maps\" data-id=\"c7a3ec1\" data-element_type=\"widget\" data-widget_type=\"google_maps.default\">\n\t\t\t\t<div class=\"elementor-widget-container\">\n\t\t\t\t\t\t\t<div class=\"elementor-custom-embed\">\n\t\t\t<iframe loading=\"lazy\"\n\t\t\t\t\tsrc=\"https:\/\/maps.google.com\/maps?q=Nysa%20Piastowska%2024&#038;t=m&#038;z=16&#038;output=embed&#038;iwloc=near\"\n\t\t\t\t\ttitle=\"Nysa Piastowska 24\"\n\t\t\t\t\taria-label=\"Nysa Piastowska 24\"\n\t\t\t><\/iframe>\n\t\t<\/div>\n\t\t\t\t\t\t<\/div>\n\t\t\t\t<\/div>\n\t\t\t\t<\/div>\n\t\t\t\t\t<\/div>\n\t\t\t\t<\/div>\n\t\t<div class=\"elementor-element elementor-element-d230c22 animated-fast e-flex e-con-boxed elementor-invisible e-con e-parent\" data-id=\"d230c22\" data-element_type=\"container\" data-settings=\"{&quot;background_background&quot;:&quot;gradient&quot;,&quot;animation&quot;:&quot;fadeInLeft&quot;}\">\n\t\t\t\t\t<div class=\"e-con-inner\">\n\t\t\t\t<div class=\"elementor-element elementor-element-79d71a8 elementor-widget elementor-widget-text-editor\" data-id=\"79d71a8\" data-element_type=\"widget\" data-widget_type=\"text-editor.default\">\n\t\t\t\t<div class=\"elementor-widget-container\">\n\t\t\t\t\t\t\t\t\t<p>SMARTGOLD.PL &#8211; z\u0142oto i bi\u017cuteria w Nysie<\/p>\t\t\t\t\t\t\t\t<\/div>\n\t\t\t\t<\/div>\n\t\t\t\t\t<\/div>\n\t\t\t\t<\/div>\n\t\t\t\t<\/div>\n\t\t","protected":false},"excerpt":{"rendered":"<p>Najwi\u0119kszy wyb\u00f3r z\u0142otej bi\u017cuterii i obr\u0105czek w Nysie Skup z\u0142ota i naprawa bi\u017cuterii, jubiler i z\u0142otnik ul. Piastowska 24, NYSA Z\u0142ota bi\u017cuteria Najlepsze okazje &#8211; obr\u0105czki, pier\u015bcionki, naszyjniki, bransolety, broszki i inne. Skup i sprzeda\u017c z\u0142ota W najlepszych cenach w Nysie! Naprawa bi\u017cuterii Lutowanie z\u0142ota i srebra, czyszczenie i polerowanie bi\u017cuterii, powi\u0119kszanie \/ zmniejszanie pier\u015bcionk\u00f3w,&hellip;&nbsp;<\/p>\n","protected":false},"author":1,"featured_media":0,"parent":0,"menu_order":0,"comment_status":"closed","ping_status":"closed","template":"elementor_canvas","meta":{"neve_meta_sidebar":"","neve_meta_container":"","neve_meta_enable_content_width":"","neve_meta_content_width":0,"neve_meta_title_alignment":"","neve_meta_author_avatar":"","neve_post_elements_order":"","neve_meta_disable_header":"","neve_meta_disable_footer":"","neve_meta_disable_title":"","footnotes":""},"_links":{"self":[{"href":"https:\/\/smartgold.pl\/index.php\/wp-json\/wp\/v2\/pages\/7"}],"collection":[{"href":"https:\/\/smartgold.pl\/index.php\/wp-json\/wp\/v2\/pages"}],"about":[{"href":"https:\/\/smartgold.pl\/index.php\/wp-json\/wp\/v2\/types\/page"}],"author":[{"embeddable":true,"href":"https:\/\/smartgold.pl\/index.php\/wp-json\/wp\/v2\/users\/1"}],"replies":[{"embeddable":true,"href":"https:\/\/smartgold.pl\/index.php\/wp-json\/wp\/v2\/comments?post=7"}],"version-history":[{"count":67,"href":"https:\/\/smartgold.pl\/index.php\/wp-json\/wp\/v2\/pages\/7\/revisions"}],"predecessor-version":[{"id":95,"href":"https:\/\/smartgold.pl\/index.php\/wp-json\/wp\/v2\/pages\/7\/revisions\/95"}],"wp:attachment":[{"href":"https:\/\/smartgold.pl\/index.php\/wp-json\/wp\/v2\/media?parent=7"}],"curies":[{"name":"wp","href":"https:\/\/api.w.org\/{rel}","templated":true}]}}